{"id":3623,"date":"2019-10-26T00:00:00","date_gmt":"2019-10-25T22:00:00","guid":{"rendered":"https:\/\/ileawo.com\/iyami-osoronga\/"},"modified":"2022-11-01T16:05:21","modified_gmt":"2022-11-01T15:05:21","slug":"iyami-osoronga","status":"publish","type":"page","link":"https:\/\/ileawo.com\/en\/iyami-osoronga\/","title":{"rendered":"Iyami Osoronga"},"content":{"rendered":"<div class=\"wpb-content-wrapper\"><p>[vc_row css=&#8221;.vc_custom_1572186495208{margin-top: 20px !important;margin-bottom: 20px !important;}&#8221; el_class=&#8221;first-row&#8221;][vc_column width=&#8221;1\/6&#8243; offset=&#8221;vc_hidden-sm vc_hidden-xs&#8221;][\/vc_column][vc_column offset=&#8221;vc_col-md-8&#8243;][vc_column_text]<\/p>\n<p style=\"text-align: center;\">Iyami Osoronga are commonly known as the witches of the night. The existence and propitiation of Iyami Osoronga is exclusive to the traditional If\u00e1 practice, since they are not known outside of Yoruba lands.<\/p>\n<p>[\/vc_column_text][\/vc_column][vc_column width=&#8221;1\/6&#8243; offset=&#8221;vc_hidden-sm vc_hidden-xs&#8221;][\/vc_column][\/vc_row][vc_row full_width=&#8221;stretch_row&#8221; content_placement=&#8221;middle&#8221; bg_type=&#8221;bg_color&#8221; bg_color_value=&#8221;#f6f6f6&#8243; css=&#8221;.vc_custom_1590243356610{padding-top: 60px !important;padding-bottom: 30px !important;background-color: #f6f6f6 !important;}&#8221; el_class=&#8221;flex-row-tablet&#8221;][vc_column css=&#8221;.vc_custom_1577573633566{padding-top: 0px !important;}&#8221; offset=&#8221;vc_col-md-8&#8243;][vc_column_text]<\/p>\n<h2 style=\"text-align: center;\">The propitiation to Iyami Osoronga<\/h2>\n<p>The Yoruba consider the Iyami Osoronga as their spiritual mothers. They went down to earth by themselves, in Orunmila&#8217;s stomach and without Olodumare sending them. For this reason all the orisha respected them, but they are not considered deities.<\/p>\n<p>They generally have a negative connotation, as they disrupt people&#8217;s lives, especially pregnant women and very young children. They also cause health problems, arguments or simply obstacles in the day to day. That is why the babalawo constantly encourages them to avoid disturbances or that the witches can do some damage. The way of promoting Iyami Osoronga is exclusive to traditional practice, and in the <a href=\"https:\/\/onelink.to\/ifapro\">If\u00e1 Tradicional Pro<\/a> application you will be able to find out how to do it.<\/p>\n<p>Just as the Orisa represent some element of nature, the Yoruba represent the Iyami Osoronga in birds and cats.[\/vc_column_text][\/vc_column][vc_column el_class=&#8221;flex-row-tablet&#8221; css=&#8221;.vc_custom_1577573620685{padding-top: 0px !important;}&#8221; offset=&#8221;vc_col-md-4&#8243;][vc_single_image image=&#8221;770&#8243; img_size=&#8221;469&#215;600&#8243; alignment=&#8221;center&#8221; css_animation=&#8221;left-to-right&#8221; css=&#8221;.vc_custom_1589983509653{margin-bottom: 0px !important;}&#8221;][\/vc_column][\/vc_row][vc_row content_placement=&#8221;middle&#8221; css=&#8221;.vc_custom_1577985498223{padding-top: 30px !important;}&#8221;][vc_column css=&#8221;.vc_custom_1577573678234{padding-top: 0px !important;}&#8221; offset=&#8221;vc_col-md-4&#8243;][vc_single_image image=&#8221;767&#8243; img_size=&#8221;469&#215;600&#8243; alignment=&#8221;center&#8221; css=&#8221;.vc_custom_1589983535382{margin-bottom: 0px !important;}&#8221;][\/vc_column][vc_column css=&#8221;.vc_custom_1577573647093{padding-top: 0px !important;}&#8221; offset=&#8221;vc_col-md-8&#8243;][vc_column_text]<\/p>\n<h2 style=\"text-align: center;\">Adaasa: Obatala&#8217;s machete<\/h2>\n<p>The propitiation to Iyami Osoronga has its specific materials. One of the most important in the Adaasa (\u00c0d\u00e1as\u00e1) or <a href=\"https:\/\/ileawo.com\/en\/orisa-yoruba\/obatala\/\">\u00d2\u00f2s\u00e0nl\u00e1<\/a> (Obatala) machete. It is a machete-shaped bell that is sounded during propitiation to witches.<\/p>\n<p>In Osa Meji it is explained that Obatala gave the Adaasa to <a href=\"https:\/\/ileawo.com\/en\/orisa-yoruba\/orunmila-orula\/\">Orunmila<\/a> as thanks for having helped him defeat Iyami Osoronga, when they were attacking him. In this Odu, the cotton was being decimated by the witches and came to Obatala&#8217;s house for help, who declared after consulting If\u00e1 that no bird could consume the cotton. As a result of this, the witches prohibited Obatala from using water from the river of the birds.<\/p>\n<p>Obatala went to the <a href=\"https:\/\/ileawo.com\/en\/orisa-yoruba\/\">Irunmole<\/a> (Sango, Ogun &#8230;) but they could not help him. He then ran to Orunmila&#8217;s house and was chased by witches there. Previously, If\u00e1 had warned Orunmila to offer sacrifice with beans and glue, and Orunmila did so, placing the sacrifice on her doorstep. When Obatala arrived at Orunmila&#8217;s house and the birds saw the beans, they began to eat them and they were glued to the ground. Then Orunmila took Obatala&#8217;s machete and cut off the birds&#8217; heads, freeing Oosanla from her enemies. In gratitude, Obatala gave the machete to Orunmila who declared that the machete belonged to Oosanla and that the cotton would germinate and flourish in the presence of all the birds.[\/vc_column_text][\/vc_column][\/vc_row][vc_row full_width=&#8221;stretch_row_content&#8221; content_placement=&#8221;middle&#8221; parallax=&#8221;content-moving&#8221; parallax_image=&#8221;763&#8243; parallax_speed_bg=&#8221;1.6&#8243; css=&#8221;.vc_custom_1590243460876{padding-top: 60px !important;padding-bottom: 60px !important;}&#8221;][vc_column width=&#8221;1\/4&#8243;][\/vc_column][vc_column width=&#8221;1\/2&#8243;][vc_column_text]<\/p>\n<h3 style=\"text-align: center;\"><span style=\"color: #ffffff;\">Initiation in the cult of witches<\/span><\/h3>\n<p style=\"text-align: center;\"><span style=\"color: #fcfcfc;\">There is an initiation in the cult of Iyami Osoronga that is secret. However, no babalawo or follower of the If\u00e1 or Orisa cult are initiated into Iyami or participate in these ceremonies.<\/span><\/p>\n<p>[\/vc_column_text][vc_column_text]<\/p>\n<p style=\"text-align: center;\"><span style=\"color: #ffffff;\"><a style=\"color: #ffffff;\" href=\"https:\/\/ileawo.com\/en\/contact\/\">Know more<\/a><\/span><\/p>\n<p>[\/vc_column_text][\/vc_column][vc_column width=&#8221;1\/4&#8243;][\/vc_column][\/vc_row][vc_row full_width=&#8221;stretch_row&#8221; content_placement=&#8221;middle&#8221; bg_type=&#8221;bg_color&#8221; bg_override=&#8221;ex-full&#8221; bg_color_value=&#8221;#4e89d5&#8243; el_class=&#8221;banner&#8221; css=&#8221;.vc_custom_1589973321058{background-color: #4e89d5 !important;}&#8221;][vc_column width=&#8221;2\/3&#8243;][vc_column_text el_class=&#8221;banner-text&#8221;]Learn exclusively how to promote Iyami Osoronga with If\u00e1 Tradicional Pro[\/vc_column_text][\/vc_column][vc_column width=&#8221;1\/3&#8243;][vc_column_text css_animation=&#8221;bounceIn&#8221;]<\/p>\n<p style=\"text-align: center;\"><a class=\"custom-buttons-alternative\" href=\"https:\/\/onelink.to\/ifapro\">Download<\/a><\/p>\n<p>[\/vc_column_text][\/vc_column][\/vc_row]<\/p>\n<\/div>"},"excerpt":{"rendered":"<p>[vc_row css=&#8221;.vc_custom_1572186495208{margin-top: 20px !important;margin-bottom: 20px !important;}&#8221; el_class=&#8221;first-row&#8221;][vc_column width=&#8221;1\/6&#8243; offset=&#8221;vc_hidden-sm vc_hidden-xs&#8221;][\/vc_column][vc_column offset=&#8221;vc_col-md-8&#8243;][vc_column_text] Iyami Osoronga are commonly known as the witches of the night. The existence and propitiation<span class=\"excerpt-hellip\"> [\u2026]<\/span><\/p>\n","protected":false},"author":1,"featured_media":761,"parent":0,"menu_order":0,"comment_status":"open","ping_status":"open","template":"","meta":{"footnotes":""},"categories":[],"class_list":["post-3623","page","type-page","status-publish","has-post-thumbnail","hentry"],"yoast_head":"<!-- This site is optimized with the Yoast SEO Premium plugin v25.2 (Yoast SEO v27.4) - https:\/\/yoast.com\/product\/yoast-seo-premium-wordpress\/ -->\n<title>Iyami Osoronga: the keys to the propitiation of witches - Il\u00e9 Awo<\/title>\n<meta name=\"description\" content=\"The worship and propitiation of Iyami Osoronga is exclusive to the traditional practice of If\u00e1. Learn the details about the witches.\" \/>\n<meta name=\"robots\" content=\"index, follow, max-snippet:-1, max-image-preview:large, max-video-preview:-1\" \/>\n<link rel=\"canonical\" href=\"https:\/\/ileawo.com\/en\/iyami-osoronga\/\" \/>\n<meta property=\"og:locale\" content=\"en_US\" \/>\n<meta property=\"og:type\" content=\"article\" \/>\n<meta property=\"og:title\" content=\"Iyami Osoronga\" \/>\n<meta property=\"og:description\" content=\"The worship and propitiation of Iyami Osoronga is exclusive to the traditional practice of If\u00e1. Learn the details about the witches.\" \/>\n<meta property=\"og:url\" content=\"https:\/\/ileawo.com\/en\/iyami-osoronga\/\" \/>\n<meta property=\"og:site_name\" content=\"Il\u00e9 Awo\" \/>\n<meta property=\"article:publisher\" content=\"https:\/\/www.facebook.com\/ifabiyii\" \/>\n<meta property=\"article:modified_time\" content=\"2022-11-01T15:05:21+00:00\" \/>\n<meta property=\"og:image\" content=\"http:\/\/ileawo.com\/wp-content\/uploads\/2020\/05\/iyami-osoronga.jpg\" \/>\n\t<meta property=\"og:image:width\" content=\"1200\" \/>\n\t<meta property=\"og:image:height\" content=\"633\" \/>\n\t<meta property=\"og:image:type\" content=\"image\/jpeg\" \/>\n<meta name=\"twitter:card\" content=\"summary_large_image\" \/>\n<meta name=\"twitter:site\" content=\"@ifabiyii\" \/>\n<!-- \/ Yoast SEO Premium plugin. -->","yoast_head_json":{"title":"Iyami Osoronga: the keys to the propitiation of witches - Il\u00e9 Awo","description":"The worship and propitiation of Iyami Osoronga is exclusive to the traditional practice of If\u00e1. Learn the details about the witches.","robots":{"index":"index","follow":"follow","max-snippet":"max-snippet:-1","max-image-preview":"max-image-preview:large","max-video-preview":"max-video-preview:-1"},"canonical":"https:\/\/ileawo.com\/en\/iyami-osoronga\/","og_locale":"en_US","og_type":"article","og_title":"Iyami Osoronga","og_description":"The worship and propitiation of Iyami Osoronga is exclusive to the traditional practice of If\u00e1. Learn the details about the witches.","og_url":"https:\/\/ileawo.com\/en\/iyami-osoronga\/","og_site_name":"Il\u00e9 Awo","article_publisher":"https:\/\/www.facebook.com\/ifabiyii","article_modified_time":"2022-11-01T15:05:21+00:00","og_image":[{"width":1200,"height":633,"url":"http:\/\/ileawo.com\/wp-content\/uploads\/2020\/05\/iyami-osoronga.jpg","type":"image\/jpeg"}],"twitter_card":"summary_large_image","twitter_site":"@ifabiyii","schema":{"@context":"https:\/\/schema.org","@graph":[{"@type":"Article","@id":"https:\/\/ileawo.com\/en\/iyami-osoronga\/#article","isPartOf":{"@id":"https:\/\/ileawo.com\/en\/iyami-osoronga\/"},"author":{"name":"If\u00e1b\u00edy\u00ec\u00ed Ak\u00f3d\u00e0","@id":"http:\/\/ileawo.com\/en\/#\/schema\/person\/5b4d3af5a9aa8f02fe88dbeb048ef64a"},"headline":"Iyami Osoronga","datePublished":"2019-10-25T22:00:00+00:00","dateModified":"2022-11-01T15:05:21+00:00","mainEntityOfPage":{"@id":"https:\/\/ileawo.com\/en\/iyami-osoronga\/"},"wordCount":787,"commentCount":0,"publisher":{"@id":"http:\/\/ileawo.com\/en\/#organization"},"image":{"@id":"https:\/\/ileawo.com\/en\/iyami-osoronga\/#primaryimage"},"thumbnailUrl":"https:\/\/ileawo.com\/wp-content\/uploads\/2020\/05\/iyami-osoronga.jpg","inLanguage":"en-US","potentialAction":[{"@type":"CommentAction","name":"Comment","target":["https:\/\/ileawo.com\/en\/iyami-osoronga\/#respond"]}]},{"@type":"WebPage","@id":"https:\/\/ileawo.com\/en\/iyami-osoronga\/","url":"https:\/\/ileawo.com\/en\/iyami-osoronga\/","name":"Iyami Osoronga: the keys to the propitiation of witches - Il\u00e9 Awo","isPartOf":{"@id":"http:\/\/ileawo.com\/en\/#website"},"primaryImageOfPage":{"@id":"https:\/\/ileawo.com\/en\/iyami-osoronga\/#primaryimage"},"image":{"@id":"https:\/\/ileawo.com\/en\/iyami-osoronga\/#primaryimage"},"thumbnailUrl":"https:\/\/ileawo.com\/wp-content\/uploads\/2020\/05\/iyami-osoronga.jpg","datePublished":"2019-10-25T22:00:00+00:00","dateModified":"2022-11-01T15:05:21+00:00","description":"The worship and propitiation of Iyami Osoronga is exclusive to the traditional practice of If\u00e1. Learn the details about the witches.","breadcrumb":{"@id":"https:\/\/ileawo.com\/en\/iyami-osoronga\/#breadcrumb"},"inLanguage":"en-US","potentialAction":[{"@type":"ReadAction","target":["https:\/\/ileawo.com\/en\/iyami-osoronga\/"]}]},{"@type":"ImageObject","inLanguage":"en-US","@id":"https:\/\/ileawo.com\/en\/iyami-osoronga\/#primaryimage","url":"https:\/\/ileawo.com\/wp-content\/uploads\/2020\/05\/iyami-osoronga.jpg","contentUrl":"https:\/\/ileawo.com\/wp-content\/uploads\/2020\/05\/iyami-osoronga.jpg","width":1200,"height":633,"caption":"Iyami Osoronga"},{"@type":"BreadcrumbList","@id":"https:\/\/ileawo.com\/en\/iyami-osoronga\/#breadcrumb","itemListElement":[{"@type":"ListItem","position":1,"name":"Home","item":"https:\/\/ileawo.com\/en\/"},{"@type":"ListItem","position":2,"name":"Iyami Osoronga"}]},{"@type":"WebSite","@id":"http:\/\/ileawo.com\/en\/#website","url":"http:\/\/ileawo.com\/en\/","name":"Il\u00e9 Awo","description":"","publisher":{"@id":"http:\/\/ileawo.com\/en\/#organization"},"potentialAction":[{"@type":"SearchAction","target":{"@type":"EntryPoint","urlTemplate":"http:\/\/ileawo.com\/en\/?s={search_term_string}"},"query-input":{"@type":"PropertyValueSpecification","valueRequired":true,"valueName":"search_term_string"}}],"inLanguage":"en-US"},{"@type":"Organization","@id":"http:\/\/ileawo.com\/en\/#organization","name":"Il\u00e9 Awo","url":"http:\/\/ileawo.com\/en\/","logo":{"@type":"ImageObject","inLanguage":"en-US","@id":"http:\/\/ileawo.com\/en\/#\/schema\/logo\/image\/","url":"https:\/\/ileawo.com\/wp-content\/uploads\/revslider\/Bienvenido\/Logo-Ile-Awo-20201.png","contentUrl":"https:\/\/ileawo.com\/wp-content\/uploads\/revslider\/Bienvenido\/Logo-Ile-Awo-20201.png","width":500,"height":155,"caption":"Il\u00e9 Awo"},"image":{"@id":"http:\/\/ileawo.com\/en\/#\/schema\/logo\/image\/"},"sameAs":["https:\/\/www.facebook.com\/ifabiyii","https:\/\/x.com\/ifabiyii","https:\/\/www.instagram.com\/ifabiyii_akoda\/"]},{"@type":"Person","@id":"http:\/\/ileawo.com\/en\/#\/schema\/person\/5b4d3af5a9aa8f02fe88dbeb048ef64a","name":"If\u00e1b\u00edy\u00ec\u00ed Ak\u00f3d\u00e0","image":{"@type":"ImageObject","inLanguage":"en-US","@id":"https:\/\/secure.gravatar.com\/avatar\/07530fd5fec1f19247b6ca33a6f419284691fff29c8857d86ea771d943bdba08?s=96&d=mm&r=g","url":"https:\/\/secure.gravatar.com\/avatar\/07530fd5fec1f19247b6ca33a6f419284691fff29c8857d86ea771d943bdba08?s=96&d=mm&r=g","contentUrl":"https:\/\/secure.gravatar.com\/avatar\/07530fd5fec1f19247b6ca33a6f419284691fff29c8857d86ea771d943bdba08?s=96&d=mm&r=g","caption":"If\u00e1b\u00edy\u00ec\u00ed Ak\u00f3d\u00e0"},"sameAs":["https:\/\/ileawo.com\/"]}]}},"_links":{"self":[{"href":"https:\/\/ileawo.com\/en\/wp-json\/wp\/v2\/pages\/3623","targetHints":{"allow":["GET"]}}],"collection":[{"href":"https:\/\/ileawo.com\/en\/wp-json\/wp\/v2\/pages"}],"about":[{"href":"https:\/\/ileawo.com\/en\/wp-json\/wp\/v2\/types\/page"}],"author":[{"embeddable":true,"href":"https:\/\/ileawo.com\/en\/wp-json\/wp\/v2\/users\/1"}],"replies":[{"embeddable":true,"href":"https:\/\/ileawo.com\/en\/wp-json\/wp\/v2\/comments?post=3623"}],"version-history":[{"count":0,"href":"https:\/\/ileawo.com\/en\/wp-json\/wp\/v2\/pages\/3623\/revisions"}],"wp:featuredmedia":[{"embeddable":true,"href":"https:\/\/ileawo.com\/en\/wp-json\/wp\/v2\/media\/761"}],"wp:attachment":[{"href":"https:\/\/ileawo.com\/en\/wp-json\/wp\/v2\/media?parent=3623"}],"wp:term":[{"taxonomy":"category","embeddable":true,"href":"https:\/\/ileawo.com\/en\/wp-json\/wp\/v2\/categories?post=3623"}],"curies":[{"name":"wp","href":"https:\/\/api.w.org\/{rel}","templated":true}]}}