{"id":3600,"date":"2019-10-28T00:00:00","date_gmt":"2019-10-27T23:00:00","guid":{"rendered":"https:\/\/ileawo.com\/applications\/ifa-tradicional-pro\/"},"modified":"2022-06-02T15:49:28","modified_gmt":"2022-06-02T13:49:28","slug":"ifa-tradicional-pro","status":"publish","type":"page","link":"https:\/\/ileawo.com\/en\/applications\/ifa-tradicional-pro\/","title":{"rendered":"App If\u00e1 Tradicional Pro"},"content":{"rendered":"<div class=\"wpb-content-wrapper\"><p>[vc_row full_width=&#8221;stretch_row&#8221; content_placement=&#8221;middle&#8221; bg_type=&#8221;bg_color&#8221; el_class=&#8221;contact-row&#8221; bg_color_value=&#8221;#f6f6f6&#8243; css=&#8221;.vc_custom_1633370753084{padding-top: 40px !important;padding-bottom: 40px !important;background-color: #f6f6f6 !important;}&#8221;][vc_column offset=&#8221;vc_col-md-6&#8243;][vc_single_image image=&#8221;900&#8243; alignment=&#8221;center&#8221; onclick=&#8221;custom_link&#8221; img_link_target=&#8221;_blank&#8221; css=&#8221;.vc_custom_1633370651846{border-radius: 35px !important;}&#8221; link=&#8221;http:\/\/hyperurl.co\/mmd5nd&#8221;][vc_raw_html]JTNDZGl2JTIwc3R5bGUlM0QlMjJ0ZXh0LWFsaWduJTNBJTIwY2VudGVyJTNCJTIyJTNFJTBBJTIwJTIwJTIwJTIwJTNDcCUyMHN0eWxlJTNEJTIybWFyZ2luLWJvdHRvbSUzQSUyMDEwcHglM0Jmb250LXNpemUlM0ElMjAxNHB4JTNCJTIyJTNFQXZhaWxhYmxlJTIwZm9yJTIwbW9iaWxlJTIwYW5kJTIwdGFibGV0JTIwaW4lM0ElM0MlMkZwJTNFJTBBJTIwJTIwJTIwJTIwJTNDcCUzRSUwQSUyMCUyMCUyMCUyMCUyMCUyMCUyMCUyMCUzQ2klMjBzdHlsZSUzRCUyMmNvbG9yJTNBJTIzMDAwMDAwJTNCZm9udC1zaXplJTNBMjBweCUzQnBhZGRpbmclM0ElMjAwJTIwMTBweCUzQiUyMiUyMGNsYXNzJTNEJTIyZmElMjBmYS1hcHBsZSUyMiUzRSUzQyUyRmklM0UlMEElMjAlMjAlMjAlMjAlMjAlMjAlMjAlMjAlM0NpJTIwc3R5bGUlM0QlMjJjb2xvciUzQSUyM2E0Y2EzOSUzQmZvbnQtc2l6ZSUzQTIwcHglM0JwYWRkaW5nJTNBJTIwMCUyMDEwcHglM0IlMjIlMjBjbGFzcyUzRCUyMmZhJTIwZmEtYW5kcm9pZCUyMiUzRSUzQyUyRmklM0UlMEElMjAlMjAlMjAlMjAlM0MlMkZwJTNFJTBBJTNDJTJGZGl2JTNF[\/vc_raw_html][vc_raw_html]JTNDY2VudGVyJTNFJTNDZGl2JTIwaXRlbXNjb3BlJTIwaXRlbXR5cGUlM0QlMjJodHRwJTNBJTJGJTJGc2NoZW1hLm9yZyUyRk1vYmlsZUFwcGxpY2F0aW9uJTIyJTNFJTBBJTIwJTIwJTIwJTIwJTNDbWV0YSUyMGl0ZW1wcm9wJTNEJTIybmFtZSUyMiUyMGNvbnRlbnQlM0QlMjJJZiVDMyVBMSUyMFRyYWRpY2lvbmFsJTIwUHJvJTIyJTNFJTBBJTIwJTIwJTIwJTIwJTNDbWV0YSUyMGl0ZW1wcm9wJTNEJTIyZGVzY3JpcHRpb24lMjIlMjBjb250ZW50JTNEJTIySWYlQzMlQTElMjBUcmFkaWNpb25hbCUyMFBybyUyMGlzJTIwdGhlJTIwZmlyc3QlMjBhcHBsaWNhdGlvbiUyMGFib3V0JTIwWW9ydWJhJTIwcHJhY3RpY2UlMjB3aXRoJTIwdGhlJTIwWW9ydWJhJTIwYXVkaW9zJTIwb2YlMjB0aGUlMjBJZiVDMyVBMSUyMHZlcnNlcyUyQyUyMHJlY2l0ZWQlMjBieSUyMGF1dGhlbnRpYyUyMFlvcnViYSUyMGJhYmFsYXdvJTIyJTNFJTBBJTIwJTIwJTIwJTIwJTNDbWV0YSUyMGl0ZW1wcm9wJTNEJTIyb3BlcmF0aW5nU3lzdGVtJTIyJTIwY29udGVudCUzRCUyMkFuZHJvaWQlMkMlMjBpT1MlMjIlM0UlMEElMjAlMjAlMjAlMjAlM0NtZXRhJTIwaXRlbXByb3AlM0QlMjJhcHBsaWNhdGlvbkNhdGVnb3J5JTIyJTIwY29udGVudCUzRCUyMkVkdWNhdGlvbiUyMiUzRSUwQSUyMCUyMCUyMCUyMCUzQ21ldGElMjBpdGVtcHJvcCUzRCUyMmltYWdlJTIyJTIwY29udGVudCUzRCUyMmh0dHBzJTNBJTJGJTJGaWxlYXdvLmNvbSUyRndwLWNvbnRlbnQlMkZ1cGxvYWRzJTJGMjAxOCUyRjA0JTJGTG9nby1BcHAtNTEyLnBuZyUyMiUzRSUwQSUyMCUyMCUyMCUyMCUzQ21ldGElMjBpdGVtcHJvcCUzRCUyMmRvd25sb2FkVXJsJTIyJTIwY29udGVudCUzRCUyMmh0dHBzJTNBJTJGJTJGb25lbGluay50byUyRmlmYXBybyUyMiUzRSUwQSUyMCUyMCUyMCUyMCUyMCUyMCUyMCUyMCUzQ2RpdiUyMGl0ZW1wcm9wJTNEJTIyb2ZmZXJzJTIyJTIwaXRlbXNjb3BlJTIwaXRlbXR5cGUlM0QlMjJodHRwJTNBJTJGJTJGc2NoZW1hLm9yZyUyRk9mZmVyJTIyJTNFJTBBJTIwJTIwJTIwJTIwJTIwJTIwJTIwJTIwJTIwJTIwJTIwJTIwJTNDbWV0YSUyMGl0ZW1wcm9wJTNEJTIycHJpY2UlMjIlMjBjb250ZW50JTNEJTIyNjkuOTklMjIlM0UlMEElMjAlMjAlMjAlMjAlMjAlMjAlMjAlMjAlMjAlMjAlMjAlMjAlM0NtZXRhJTIwaXRlbXByb3AlM0QlMjJwcmljZUN1cnJlbmN5JTIyJTIwY29udGVudCUzRCUyMkVVUiUyMiUzRSUyMCUyMCUyMCUyMCUyMCUyMCUyMCUyMCUyMCUyMCUyMCUyMCUyMCUyMCUwQSUyMCUyMCUyMCUyMCUyMCUyMCUyMCUyMCUyMCUyMCUyMCUyMCUzQ2xpbmslMjBpdGVtcHJvcCUzRCUyMmF2YWlsYWJpbGl0eSUyMiUyMGhyZWYlM0QlMjJodHRwJTNBJTJGJTJGc2NoZW1hLm9yZyUyRmluU3RvY2slMjIlMjAlMkYlM0UlMEElMjAlMjAlMjAlMjAlMjAlMjAlMjAlMjAlM0MlMkZkaXYlM0UlMEElMjAlMjAlMjAlMjAlMjAlMjAlMjAlMjAlMjAlMjAlMjAlMjAlM0NkaXYlMjBpdGVtcHJvcCUzRCUyMmFnZ3JlZ2F0ZVJhdGluZyUyMiUyMGl0ZW1zY29wZSUzRCUyMiUyMiUyMGl0ZW10eXBlJTNEJTIyaHR0cCUzQSUyRiUyRnNjaGVtYS5vcmclMkZBZ2dyZWdhdGVSYXRpbmclMjIlMjAlM0UlMEElMjAlMjAlMjAlMjAlMjAlMjAlMjAlMjAlMjAlMjAlMjAlMjAlMjAlMjAlMjAlMjAlM0NtZXRhJTIwaXRlbXByb3AlM0QlMjJyYXRpbmdWYWx1ZSUyMiUyMGNvbnRlbnQlM0QlMjI1JTIyJTNFJTBBJTIwJTIwJTIwJTIwJTIwJTIwJTIwJTIwJTIwJTIwJTIwJTIwJTIwJTIwJTIwJTIwJTNDbWV0YSUyMGl0ZW1wcm9wJTNEJTIycmF0aW5nQ291bnQlMjIlMjBjb250ZW50JTNEJTIyNSUyMiUzRSUwQSUyMCUyMCUyMCUyMCUyMCUyMCUyMCUyMCUyMCUyMCUyMCUyMCUyMCUyMCUyMCUyMCUzQ2RpdiUyMGNsYXNzJTNEJTIyY3VzdG9tLXN0YXJ0JTIyJTNFJTBBJTIwJTIwJTIwJTIwJTIwJTIwJTIwJTIwJTIwJTIwJTIwJTIwJTIwJTIwJTIwJTIwJTIwJTIwJTIwJTIwJTNDaSUyMGNsYXNzJTNEJTIyZmElMjBmYS1zdGFyJTIyJTIwc3R5bGUlM0QlMjJjb2xvciUzQSUyM0ZGRDcwMCUzQmZvbnQtc2l6ZSUzQTIwcHglM0IlMjIlM0UlM0MlMkZpJTNFJTBBJTIwJTIwJTIwJTIwJTIwJTIwJTIwJTIwJTIwJTIwJTIwJTIwJTIwJTIwJTIwJTIwJTIwJTIwJTIwJTIwJTNDaSUyMGNsYXNzJTNEJTIyZmElMjBmYS1zdGFyJTIyJTIwc3R5bGUlM0QlMjJjb2xvciUzQSUyM0ZGRDcwMCUzQmZvbnQtc2l6ZSUzQTIwcHglM0IlMjIlM0UlM0MlMkZpJTNFJTBBJTIwJTIwJTIwJTIwJTIwJTIwJTIwJTIwJTIwJTIwJTIwJTIwJTIwJTIwJTIwJTIwJTIwJTIwJTIwJTIwJTNDaSUyMGNsYXNzJTNEJTIyZmElMjBmYS1zdGFyJTIyJTIwc3R5bGUlM0QlMjJjb2xvciUzQSUyM0ZGRDcwMCUzQmZvbnQtc2l6ZSUzQTIwcHglM0IlMjIlM0UlM0MlMkZpJTNFJTBBJTIwJTIwJTIwJTIwJTIwJTIwJTIwJTIwJTIwJTIwJTIwJTIwJTIwJTIwJTIwJTIwJTIwJTIwJTIwJTIwJTNDaSUyMGNsYXNzJTNEJTIyZmElMjBmYS1zdGFyJTIyJTIwc3R5bGUlM0QlMjJjb2xvciUzQSUyM0ZGRDcwMCUzQmZvbnQtc2l6ZSUzQTIwcHglM0IlMjIlM0UlM0MlMkZpJTNFJTBBJTIwJTIwJTIwJTIwJTIwJTIwJTIwJTIwJTIwJTIwJTIwJTIwJTIwJTIwJTIwJTIwJTIwJTIwJTIwJTIwJTNDaSUyMGNsYXNzJTNEJTIyZmElMjBmYS1zdGFyJTIyJTIwc3R5bGUlM0QlMjJjb2xvciUzQSUyM0ZGRDcwMCUzQmZvbnQtc2l6ZSUzQTIwcHglM0IlMjIlM0UlM0MlMkZpJTNFJTBBJTIwJTIwJTIwJTIwJTIwJTIwJTIwJTIwJTIwJTIwJTIwJTIwJTIwJTIwJTIwJTIwJTIwJTIwJTIwJTIwJTNDcCUyMHN0eWxlJTNEJTIyZm9udC1zaXplJTNBMTRweCUyMiUzRVJldmlldyUyMG9mJTIwJTNDc3Ryb25nJTNFNSUzQyUyRnN0cm9uZyUzRSUyMGluJTIwYSUyMHRvdGFsJTIwb2YlMjAlM0NzdHJvbmclM0U1JTNDJTJGc3Ryb25nJTNFJTIwcmV2aWV3cyUyMG9uJTI2bmJzcCUzQiUyNm5ic3AlM0IlM0NpJTIwY2xhc3MlM0QlMjJmYSUyMGZhLWFwcGxlJTIyJTIwc3R5bGUlM0QlMjJjb2xvciUzQSUyMzAwMDAwMCUzQmZvbnQtc2l6ZSUzQTIwcHglM0JtYXJnaW4tcmlnaHQlM0EwcHglM0IlMjIlM0UlM0MlMkZpJTNFJTI2bmJzcCUzQiUyNm5ic3AlM0JQbGF5JTI2bmJzcCUzQlN0b3JlJTNDJTJGcCUzRSUwQSUyMCUyMCUyMCUyMCUyMCUyMCUyMCUyMCUyMCUyMCUyMCUyMCUyMCUyMCUyMCUyMCUzQyUyRmRpdiUzRSUyMCUyMCUyMCUyMCUwQSUyMCUyMCUyMCUyMCUyMCUyMCUyMCUyMCUyMCUyMCUyMCUyMCUzQyUyRmRpdiUzRSUwQSUzQyUyRmRpdiUzRSUzQyUyRmNlbnRlciUzRQ==[\/vc_raw_html][vc_column_text css_animation=&#8221;bounceIn&#8221;]<\/p>\n<p style=\"text-align: center;\"><a class=\"custom-buttons\" href=\"https:\/\/onelink.to\/ifapro\">Install<\/a><\/p>\n<p>[\/vc_column_text][\/vc_column][vc_column offset=&#8221;vc_col-md-6&#8243;][vc_column_text]Traditional Ifa Pro is the first Yoruba practice app with Yoruba audios of Ifa verses, made by authentic Babalawo Yoruba.<\/p>\n<p>If\u00e1 Tradicional Pro will not only help you correct Yoruba pronunciation, but it will also help you reduce the time needed to memorize If\u00e1 information, turning them into authentic traditional Babalawo.<\/p>\n<p>In the application you can find all the free information that is in the Traditional If\u00e1 App, with the addition of the audios in Yoruba and much more information.[\/vc_column_text][\/vc_column][\/vc_row][vc_row full_width=&#8221;stretch_row&#8221; gap=&#8221;20&#8243; css=&#8221;.vc_custom_1633370776311{padding-top: 30px !important;padding-bottom: 30px !important;}&#8221;][vc_column offset=&#8221;vc_col-md-6&#8243; css=&#8221;.vc_custom_1572275010086{padding-top: 0px !important;padding-bottom: 0px !important;}&#8221;][vc_column_text]<\/p>\n<h3>Im\u00e1genes de la app<\/h3>\n<p>[\/vc_column_text][vc_images_carousel images=&#8221;4736,4739,4742,4745,4748&#8243; img_size=&#8221;medium&#8221; onclick=&#8221;link_no&#8221; slides_per_view=&#8221;3&#8243; css=&#8221;.vc_custom_1590924224278{margin-bottom: 0px !important;}&#8221;][\/vc_column][vc_column offset=&#8221;vc_col-md-6&#8243; css=&#8221;.vc_custom_1572274957308{padding-top: 0px !important;}&#8221;][vc_column_text css=&#8221;.vc_custom_1591180837101{margin-top: 0px !important;margin-bottom: 0px !important;}&#8221;]<\/p>\n<h2>Contents of If\u00e1 Tradicional Pro<\/h2>\n<p>Among the information of If\u00e1 Tradicional Pro highlights:<\/p>\n<ul>\n<li>If\u00e1 verses with yoruba audio exclusive to If\u00e1 Tradicional Pro<\/li>\n<li>Available in iOS: Spanish and English<\/li>\n<li>Available in Android: Spanish<\/li>\n<li>Adabo de If\u00e1<\/li>\n<li>Information on how to perform divination with Ikin<\/li>\n<li>The propitiation to Iyami Osooronga<\/li>\n<li>How to make an Ibori or Or\u00ed Bibo<\/li>\n<li>More Ifa names<\/li>\n<li>More traditional foods<\/li>\n<li>More If\u00e1 medicines<\/li>\n<li>Exclusive Private Zone, now &#8220;Vip Zone&#8221; where they can receive the information previously requested from Ifabiyii Akoda, with the possibility of personalizing the profile and asking questions or comments<\/li>\n<li>The Vip Zone now has the possibility to have the audios with the pronunciation in Yoruba of the information acquired with Ifabiyii Akoda<\/li>\n<li>All content without advertising<\/li>\n<li>And much more\u2026<\/li>\n<\/ul>\n<p>[\/vc_column_text][\/vc_column][\/vc_row][vc_row full_width=&#8221;stretch_row&#8221; css=&#8221;.vc_custom_1633443632664{padding-top: 40px !important;padding-bottom: 20px !important;background-color: #f6f6f6 !important;}&#8221;][vc_column][vc_column_text css=&#8221;.vc_custom_1633447576239{margin-bottom: 0px !important;}&#8221;]<\/p>\n<h2 style=\"text-align: center;\">Other apps<\/h2>\n<p>[\/vc_column_text][\/vc_column][vc_column][vc_masonry_grid post_type=&#8221;page&#8221; max_items=&#8221;3&#8243; orderby=&#8221;rand&#8221; grid_id=&#8221;vc_gid:1654177667419-f025bece-a6b1-6&#8243; taxonomies=&#8221;2702&#8243;][\/vc_column][\/vc_row][vc_row full_width=&#8221;stretch_row&#8221; content_placement=&#8221;middle&#8221; bg_type=&#8221;bg_color&#8221; bg_override=&#8221;ex-full&#8221; bg_color_value=&#8221;#4e89d5&#8243; el_class=&#8221;banner&#8221; css=&#8221;.vc_custom_1589983013732{background-color: #4e89d5 !important;}&#8221;][vc_column width=&#8221;2\/3&#8243;][vc_column_text el_class=&#8221;banner-text&#8221;]Do you want to know more about Il\u00e9 Awo, the Orisa and the Yoruba religion?[\/vc_column_text][\/vc_column][vc_column width=&#8221;1\/3&#8243;][vc_column_text css_animation=&#8221;bounceIn&#8221;]<\/p>\n<p style=\"text-align: center;\"><a class=\"custom-buttons-alternative\" href=\"https:\/\/ileawo.com\/en\/contact\/\">Ask us<\/a><\/p>\n<p>[\/vc_column_text][\/vc_column][\/vc_row]<\/p>\n<\/div>"},"excerpt":{"rendered":"<p>[vc_row full_width=&#8221;stretch_row&#8221; content_placement=&#8221;middle&#8221; bg_type=&#8221;bg_color&#8221; el_class=&#8221;contact-row&#8221; bg_color_value=&#8221;#f6f6f6&#8243; css=&#8221;.vc_custom_1633370753084{padding-top: 40px !important;padding-bottom: 40px !important;background-color: #f6f6f6 !important;}&#8221;][vc_column offset=&#8221;vc_col-md-6&#8243;][vc_single_image image=&#8221;900&#8243; alignment=&#8221;center&#8221; onclick=&#8221;custom_link&#8221; img_link_target=&#8221;_blank&#8221; css=&#8221;.vc_custom_1633370651846{border-radius: 35px !important;}&#8221; link=&#8221;http:\/\/hyperurl.co\/mmd5nd&#8221;][vc_raw_html]JTNDZGl2JTIwc3R5bGUlM0QlMjJ0ZXh0LWFsaWduJTNBJTIwY2VudGVyJTNCJTIyJTNFJTBBJTIwJTIwJTIwJTIwJTNDcCUyMHN0eWxlJTNEJTIybWFyZ2luLWJvdHRvbSUzQSUyMDEwcHglM0Jmb250LXNpemUlM0ElMjAxNHB4JTNCJTIyJTNFQXZhaWxhYmxlJTIwZm9yJTIwbW9iaWxlJTIwYW5kJTIwdGFibGV0JTIwaW4lM0ElM0MlMkZwJTNFJTBBJTIwJTIwJTIwJTIwJTNDcCUzRSUwQSUyMCUyMCUyMCUyMCUyMCUyMCUyMCUyMCUzQ2klMjBzdHlsZSUzRCUyMmNvbG9yJTNBJTIzMDAwMDAwJTNCZm9udC1zaXplJTNBMjBweCUzQnBhZGRpbmclM0ElMjAwJTIwMTBweCUzQiUyMiUyMGNsYXNzJTNEJTIyZmElMjBmYS1hcHBsZSUyMiUzRSUzQyUyRmklM0UlMEElMjAlMjAlMjAlMjAlMjAlMjAlMjAlMjAlM0NpJTIwc3R5bGUlM0QlMjJjb2xvciUzQSUyM2E0Y2EzOSUzQmZvbnQtc2l6ZSUzQTIwcHglM0JwYWRkaW5nJTNBJTIwMCUyMDEwcHglM0IlMjIlMjBjbGFzcyUzRCUyMmZhJTIwZmEtYW5kcm9pZCUyMiUzRSUzQyUyRmklM0UlMEElMjAlMjAlMjAlMjAlM0MlMkZwJTNFJTBBJTNDJTJGZGl2JTNF[\/vc_raw_html][vc_raw_html]JTNDY2VudGVyJTNFJTNDZGl2JTIwaXRlbXNjb3BlJTIwaXRlbXR5cGUlM0QlMjJodHRwJTNBJTJGJTJGc2NoZW1hLm9yZyUyRk1vYmlsZUFwcGxpY2F0aW9uJTIyJTNFJTBBJTIwJTIwJTIwJTIwJTNDbWV0YSUyMGl0ZW1wcm9wJTNEJTIybmFtZSUyMiUyMGNvbnRlbnQlM0QlMjJJZiVDMyVBMSUyMFRyYWRpY2lvbmFsJTIwUHJvJTIyJTNFJTBBJTIwJTIwJTIwJTIwJTNDbWV0YSUyMGl0ZW1wcm9wJTNEJTIyZGVzY3JpcHRpb24lMjIlMjBjb250ZW50JTNEJTIySWYlQzMlQTElMjBUcmFkaWNpb25hbCUyMFBybyUyMGlzJTIwdGhlJTIwZmlyc3QlMjBhcHBsaWNhdGlvbiUyMGFib3V0JTIwWW9ydWJhJTIwcHJhY3RpY2UlMjB3aXRoJTIwdGhlJTIwWW9ydWJhJTIwYXVkaW9zJTIwb2YlMjB0aGUlMjBJZiVDMyVBMSUyMHZlcnNlcyUyQyUyMHJlY2l0ZWQlMjBieSUyMGF1dGhlbnRpYyUyMFlvcnViYSUyMGJhYmFsYXdvJTIyJTNFJTBBJTIwJTIwJTIwJTIwJTNDbWV0YSUyMGl0ZW1wcm9wJTNEJTIyb3BlcmF0aW5nU3lzdGVtJTIyJTIwY29udGVudCUzRCUyMkFuZHJvaWQlMkMlMjBpT1MlMjIlM0UlMEElMjAlMjAlMjAlMjAlM0NtZXRhJTIwaXRlbXByb3AlM0QlMjJhcHBsaWNhdGlvbkNhdGVnb3J5JTIyJTIwY29udGVudCUzRCUyMkVkdWNhdGlvbiUyMiUzRSUwQSUyMCUyMCUyMCUyMCUzQ21ldGElMjBpdGVtcHJvcCUzRCUyMmltYWdlJTIyJTIwY29udGVudCUzRCUyMmh0dHBzJTNBJTJGJTJGaWxlYXdvLmNvbSUyRndwLWNvbnRlbnQlMkZ1cGxvYWRzJTJGMjAxOCUyRjA0JTJGTG9nby1BcHAtNTEyLnBuZyUyMiUzRSUwQSUyMCUyMCUyMCUyMCUzQ21ldGElMjBpdGVtcHJvcCUzRCUyMmRvd25sb2FkVXJsJTIyJTIwY29udGVudCUzRCUyMmh0dHBzJTNBJTJGJTJGb25lbGluay50byUyRmlmYXBybyUyMiUzRSUwQSUyMCUyMCUyMCUyMCUyMCUyMCUyMCUyMCUzQ2RpdiUyMGl0ZW1wcm9wJTNEJTIyb2ZmZXJzJTIyJTIwaXRlbXNjb3BlJTIwaXRlbXR5cGUlM0QlMjJodHRwJTNBJTJGJTJGc2NoZW1hLm9yZyUyRk9mZmVyJTIyJTNFJTBBJTIwJTIwJTIwJTIwJTIwJTIwJTIwJTIwJTIwJTIwJTIwJTIwJTNDbWV0YSUyMGl0ZW1wcm9wJTNEJTIycHJpY2UlMjIlMjBjb250ZW50JTNEJTIyNjkuOTklMjIlM0UlMEElMjAlMjAlMjAlMjAlMjAlMjAlMjAlMjAlMjAlMjAlMjAlMjAlM0NtZXRhJTIwaXRlbXByb3AlM0QlMjJwcmljZUN1cnJlbmN5JTIyJTIwY29udGVudCUzRCUyMkVVUiUyMiUzRSUyMCUyMCUyMCUyMCUyMCUyMCUyMCUyMCUyMCUyMCUyMCUyMCUyMCUyMCUwQSUyMCUyMCUyMCUyMCUyMCUyMCUyMCUyMCUyMCUyMCUyMCUyMCUzQ2xpbmslMjBpdGVtcHJvcCUzRCUyMmF2YWlsYWJpbGl0eSUyMiUyMGhyZWYlM0QlMjJodHRwJTNBJTJGJTJGc2NoZW1hLm9yZyUyRmluU3RvY2slMjIlMjAlMkYlM0UlMEElMjAlMjAlMjAlMjAlMjAlMjAlMjAlMjAlM0MlMkZkaXYlM0UlMEElMjAlMjAlMjAlMjAlMjAlMjAlMjAlMjAlMjAlMjAlMjAlMjAlM0NkaXYlMjBpdGVtcHJvcCUzRCUyMmFnZ3JlZ2F0ZVJhdGluZyUyMiUyMGl0ZW1zY29wZSUzRCUyMiUyMiUyMGl0ZW10eXBlJTNEJTIyaHR0cCUzQSUyRiUyRnNjaGVtYS5vcmclMkZBZ2dyZWdhdGVSYXRpbmclMjIlMjAlM0UlMEElMjAlMjAlMjAlMjAlMjAlMjAlMjAlMjAlMjAlMjAlMjAlMjAlMjAlMjAlMjAlMjAlM0NtZXRhJTIwaXRlbXByb3AlM0QlMjJyYXRpbmdWYWx1ZSUyMiUyMGNvbnRlbnQlM0QlMjI1JTIyJTNFJTBBJTIwJTIwJTIwJTIwJTIwJTIwJTIwJTIwJTIwJTIwJTIwJTIwJTIwJTIwJTIwJTIwJTNDbWV0YSUyMGl0ZW1wcm9wJTNEJTIycmF0aW5nQ291bnQlMjIlMjBjb250ZW50JTNEJTIyNSUyMiUzRSUwQSUyMCUyMCUyMCUyMCUyMCUyMCUyMCUyMCUyMCUyMCUyMCUyMCUyMCUyMCUyMCUyMCUzQ2RpdiUyMGNsYXNzJTNEJTIyY3VzdG9tLXN0YXJ0JTIyJTNFJTBBJTIwJTIwJTIwJTIwJTIwJTIwJTIwJTIwJTIwJTIwJTIwJTIwJTIwJTIwJTIwJTIwJTIwJTIwJTIwJTIwJTNDaSUyMGNsYXNzJTNEJTIyZmElMjBmYS1zdGFyJTIyJTIwc3R5bGUlM0QlMjJjb2xvciUzQSUyM0ZGRDcwMCUzQmZvbnQtc2l6ZSUzQTIwcHglM0IlMjIlM0UlM0MlMkZpJTNFJTBBJTIwJTIwJTIwJTIwJTIwJTIwJTIwJTIwJTIwJTIwJTIwJTIwJTIwJTIwJTIwJTIwJTIwJTIwJTIwJTIwJTNDaSUyMGNsYXNzJTNEJTIyZmElMjBmYS1zdGFyJTIyJTIwc3R5bGUlM0QlMjJjb2xvciUzQSUyM0ZGRDcwMCUzQmZvbnQtc2l6ZSUzQTIwcHglM0IlMjIlM0UlM0MlMkZpJTNFJTBBJTIwJTIwJTIwJTIwJTIwJTIwJTIwJTIwJTIwJTIwJTIwJTIwJTIwJTIwJTIwJTIwJTIwJTIwJTIwJTIwJTNDaSUyMGNsYXNzJTNEJTIyZmElMjBmYS1zdGFyJTIyJTIwc3R5bGUlM0QlMjJjb2xvciUzQSUyM0ZGRDcwMCUzQmZvbnQtc2l6ZSUzQTIwcHglM0IlMjIlM0UlM0MlMkZpJTNFJTBBJTIwJTIwJTIwJTIwJTIwJTIwJTIwJTIwJTIwJTIwJTIwJTIwJTIwJTIwJTIwJTIwJTIwJTIwJTIwJTIwJTNDaSUyMGNsYXNzJTNEJTIyZmElMjBmYS1zdGFyJTIyJTIwc3R5bGUlM0QlMjJjb2xvciUzQSUyM0ZGRDcwMCUzQmZvbnQtc2l6ZSUzQTIwcHglM0IlMjIlM0UlM0MlMkZpJTNFJTBBJTIwJTIwJTIwJTIwJTIwJTIwJTIwJTIwJTIwJTIwJTIwJTIwJTIwJTIwJTIwJTIwJTIwJTIwJTIwJTIwJTNDaSUyMGNsYXNzJTNEJTIyZmElMjBmYS1zdGFyJTIyJTIwc3R5bGUlM0QlMjJjb2xvciUzQSUyM0ZGRDcwMCUzQmZvbnQtc2l6ZSUzQTIwcHglM0IlMjIlM0UlM0MlMkZpJTNFJTBBJTIwJTIwJTIwJTIwJTIwJTIwJTIwJTIwJTIwJTIwJTIwJTIwJTIwJTIwJTIwJTIwJTIwJTIwJTIwJTIwJTNDcCUyMHN0eWxlJTNEJTIyZm9udC1zaXplJTNBMTRweCUyMiUzRVJldmlldyUyMG9mJTIwJTNDc3Ryb25nJTNFNSUzQyUyRnN0cm9uZyUzRSUyMGluJTIwYSUyMHRvdGFsJTIwb2YlMjAlM0NzdHJvbmclM0U1JTNDJTJGc3Ryb25nJTNFJTIwcmV2aWV3cyUyMG9uJTI2bmJzcCUzQiUyNm5ic3AlM0IlM0NpJTIwY2xhc3MlM0QlMjJmYSUyMGZhLWFwcGxlJTIyJTIwc3R5bGUlM0QlMjJjb2xvciUzQSUyMzAwMDAwMCUzQmZvbnQtc2l6ZSUzQTIwcHglM0JtYXJnaW4tcmlnaHQlM0EwcHglM0IlMjIlM0UlM0MlMkZpJTNFJTI2bmJzcCUzQiUyNm5ic3AlM0JQbGF5JTI2bmJzcCUzQlN0b3JlJTNDJTJGcCUzRSUwQSUyMCUyMCUyMCUyMCUyMCUyMCUyMCUyMCUyMCUyMCUyMCUyMCUyMCUyMCUyMCUyMCUzQyUyRmRpdiUzRSUyMCUyMCUyMCUyMCUwQSUyMCUyMCUyMCUyMCUyMCUyMCUyMCUyMCUyMCUyMCUyMCUyMCUzQyUyRmRpdiUzRSUwQSUzQyUyRmRpdiUzRSUzQyUyRmNlbnRlciUzRQ==[\/vc_raw_html][vc_column_text css_animation=&#8221;bounceIn&#8221;] Install [\/vc_column_text][\/vc_column][vc_column offset=&#8221;vc_col-md-6&#8243;][vc_column_text]Traditional<span class=\"excerpt-hellip\"> [\u2026]<\/span><\/p>\n","protected":false},"author":1,"featured_media":2549,"parent":3582,"menu_order":0,"comment_status":"open","ping_status":"closed","template":"","meta":{"footnotes":""},"categories":[2702],"class_list":["post-3600","page","type-page","status-publish","has-post-thumbnail","hentry","category-app-en"],"yoast_head":"<!-- This site is optimized with the Yoast SEO Premium plugin v25.2 (Yoast SEO v27.5) - https:\/\/yoast.com\/product\/yoast-seo-premium-wordpress\/ -->\n<title>If\u00e1 Tradicional Pro, download the APP in IOS and Amazon - Il\u00e9 Awo<\/title>\n<meta name=\"description\" content=\"Learn to recite the If\u00e1 verses with the If\u00e1 Tradicional Pro, thanks to the audios recorded by authentic Babalawo Yoruba. Download it now!\" \/>\n<meta name=\"robots\" content=\"index, follow, max-snippet:-1, max-image-preview:large, max-video-preview:-1\" \/>\n<link rel=\"canonical\" href=\"https:\/\/ileawo.com\/en\/applications\/ifa-tradicional-pro\/\" \/>\n<meta property=\"og:locale\" content=\"en_US\" \/>\n<meta property=\"og:type\" content=\"article\" \/>\n<meta property=\"og:title\" content=\"App If\u00e1 Tradicional Pro\" \/>\n<meta property=\"og:description\" content=\"Learn to recite the If\u00e1 verses with the If\u00e1 Tradicional Pro, thanks to the audios recorded by authentic Babalawo Yoruba. Download it now!\" \/>\n<meta property=\"og:url\" content=\"https:\/\/ileawo.com\/en\/applications\/ifa-tradicional-pro\/\" \/>\n<meta property=\"og:site_name\" content=\"Il\u00e9 Awo\" \/>\n<meta property=\"article:publisher\" content=\"https:\/\/www.facebook.com\/ifabiyii\" \/>\n<meta property=\"article:modified_time\" content=\"2022-06-02T13:49:28+00:00\" \/>\n<meta property=\"og:image\" content=\"http:\/\/ileawo.com\/wp-content\/uploads\/2020\/05\/Logo-App-512-4.png\" \/>\n\t<meta property=\"og:image:width\" content=\"512\" \/>\n\t<meta property=\"og:image:height\" content=\"512\" \/>\n\t<meta property=\"og:image:type\" content=\"image\/png\" \/>\n<meta name=\"twitter:card\" content=\"summary_large_image\" \/>\n<meta name=\"twitter:site\" content=\"@ifabiyii\" \/>\n<!-- \/ Yoast SEO Premium plugin. -->","yoast_head_json":{"title":"If\u00e1 Tradicional Pro, download the APP in IOS and Amazon - Il\u00e9 Awo","description":"Learn to recite the If\u00e1 verses with the If\u00e1 Tradicional Pro, thanks to the audios recorded by authentic Babalawo Yoruba. Download it now!","robots":{"index":"index","follow":"follow","max-snippet":"max-snippet:-1","max-image-preview":"max-image-preview:large","max-video-preview":"max-video-preview:-1"},"canonical":"https:\/\/ileawo.com\/en\/applications\/ifa-tradicional-pro\/","og_locale":"en_US","og_type":"article","og_title":"App If\u00e1 Tradicional Pro","og_description":"Learn to recite the If\u00e1 verses with the If\u00e1 Tradicional Pro, thanks to the audios recorded by authentic Babalawo Yoruba. Download it now!","og_url":"https:\/\/ileawo.com\/en\/applications\/ifa-tradicional-pro\/","og_site_name":"Il\u00e9 Awo","article_publisher":"https:\/\/www.facebook.com\/ifabiyii","article_modified_time":"2022-06-02T13:49:28+00:00","og_image":[{"width":512,"height":512,"url":"http:\/\/ileawo.com\/wp-content\/uploads\/2020\/05\/Logo-App-512-4.png","type":"image\/png"}],"twitter_card":"summary_large_image","twitter_site":"@ifabiyii","schema":{"@context":"https:\/\/schema.org","@graph":[{"@type":"Article","@id":"https:\/\/ileawo.com\/en\/applications\/ifa-tradicional-pro\/#article","isPartOf":{"@id":"https:\/\/ileawo.com\/en\/applications\/ifa-tradicional-pro\/"},"author":{"name":"If\u00e1b\u00edy\u00ec\u00ed Ak\u00f3d\u00e0","@id":"http:\/\/ileawo.com\/en\/#\/schema\/person\/5b4d3af5a9aa8f02fe88dbeb048ef64a"},"headline":"App If\u00e1 Tradicional Pro","datePublished":"2019-10-27T23:00:00+00:00","dateModified":"2022-06-02T13:49:28+00:00","mainEntityOfPage":{"@id":"https:\/\/ileawo.com\/en\/applications\/ifa-tradicional-pro\/"},"wordCount":837,"commentCount":0,"publisher":{"@id":"http:\/\/ileawo.com\/en\/#organization"},"image":{"@id":"https:\/\/ileawo.com\/en\/applications\/ifa-tradicional-pro\/#primaryimage"},"thumbnailUrl":"https:\/\/ileawo.com\/wp-content\/uploads\/2020\/05\/Logo-App-512-4.png","articleSection":["App"],"inLanguage":"en-US","potentialAction":[{"@type":"CommentAction","name":"Comment","target":["https:\/\/ileawo.com\/en\/applications\/ifa-tradicional-pro\/#respond"]}]},{"@type":"WebPage","@id":"https:\/\/ileawo.com\/en\/applications\/ifa-tradicional-pro\/","url":"https:\/\/ileawo.com\/en\/applications\/ifa-tradicional-pro\/","name":"If\u00e1 Tradicional Pro, download the APP in IOS and Amazon - Il\u00e9 Awo","isPartOf":{"@id":"http:\/\/ileawo.com\/en\/#website"},"primaryImageOfPage":{"@id":"https:\/\/ileawo.com\/en\/applications\/ifa-tradicional-pro\/#primaryimage"},"image":{"@id":"https:\/\/ileawo.com\/en\/applications\/ifa-tradicional-pro\/#primaryimage"},"thumbnailUrl":"https:\/\/ileawo.com\/wp-content\/uploads\/2020\/05\/Logo-App-512-4.png","datePublished":"2019-10-27T23:00:00+00:00","dateModified":"2022-06-02T13:49:28+00:00","description":"Learn to recite the If\u00e1 verses with the If\u00e1 Tradicional Pro, thanks to the audios recorded by authentic Babalawo Yoruba. Download it now!","breadcrumb":{"@id":"https:\/\/ileawo.com\/en\/applications\/ifa-tradicional-pro\/#breadcrumb"},"inLanguage":"en-US","potentialAction":[{"@type":"ReadAction","target":["https:\/\/ileawo.com\/en\/applications\/ifa-tradicional-pro\/"]}]},{"@type":"ImageObject","inLanguage":"en-US","@id":"https:\/\/ileawo.com\/en\/applications\/ifa-tradicional-pro\/#primaryimage","url":"https:\/\/ileawo.com\/wp-content\/uploads\/2020\/05\/Logo-App-512-4.png","contentUrl":"https:\/\/ileawo.com\/wp-content\/uploads\/2020\/05\/Logo-App-512-4.png","width":512,"height":512,"caption":"If\u00e1 tradicional Pro es la primera app sobre la pr\u00e1ctica Yoruba con los audios en Yoruba"},{"@type":"BreadcrumbList","@id":"https:\/\/ileawo.com\/en\/applications\/ifa-tradicional-pro\/#breadcrumb","itemListElement":[{"@type":"ListItem","position":1,"name":"Home","item":"https:\/\/ileawo.com\/en\/"},{"@type":"ListItem","position":2,"name":"If\u00e1 Applications","item":"http:\/\/ileawo.com\/en\/applications\/"},{"@type":"ListItem","position":3,"name":"App If\u00e1 Tradicional Pro"}]},{"@type":"WebSite","@id":"http:\/\/ileawo.com\/en\/#website","url":"http:\/\/ileawo.com\/en\/","name":"Il\u00e9 Awo","description":"","publisher":{"@id":"http:\/\/ileawo.com\/en\/#organization"},"potentialAction":[{"@type":"SearchAction","target":{"@type":"EntryPoint","urlTemplate":"http:\/\/ileawo.com\/en\/?s={search_term_string}"},"query-input":{"@type":"PropertyValueSpecification","valueRequired":true,"valueName":"search_term_string"}}],"inLanguage":"en-US"},{"@type":"Organization","@id":"http:\/\/ileawo.com\/en\/#organization","name":"Il\u00e9 Awo","url":"http:\/\/ileawo.com\/en\/","logo":{"@type":"ImageObject","inLanguage":"en-US","@id":"http:\/\/ileawo.com\/en\/#\/schema\/logo\/image\/","url":"https:\/\/ileawo.com\/wp-content\/uploads\/revslider\/Bienvenido\/Logo-Ile-Awo-20201.png","contentUrl":"https:\/\/ileawo.com\/wp-content\/uploads\/revslider\/Bienvenido\/Logo-Ile-Awo-20201.png","width":500,"height":155,"caption":"Il\u00e9 Awo"},"image":{"@id":"http:\/\/ileawo.com\/en\/#\/schema\/logo\/image\/"},"sameAs":["https:\/\/www.facebook.com\/ifabiyii","https:\/\/x.com\/ifabiyii","https:\/\/www.instagram.com\/ifabiyii_akoda\/"]},{"@type":"Person","@id":"http:\/\/ileawo.com\/en\/#\/schema\/person\/5b4d3af5a9aa8f02fe88dbeb048ef64a","name":"If\u00e1b\u00edy\u00ec\u00ed Ak\u00f3d\u00e0","image":{"@type":"ImageObject","inLanguage":"en-US","@id":"https:\/\/secure.gravatar.com\/avatar\/07530fd5fec1f19247b6ca33a6f419284691fff29c8857d86ea771d943bdba08?s=96&d=mm&r=g","url":"https:\/\/secure.gravatar.com\/avatar\/07530fd5fec1f19247b6ca33a6f419284691fff29c8857d86ea771d943bdba08?s=96&d=mm&r=g","contentUrl":"https:\/\/secure.gravatar.com\/avatar\/07530fd5fec1f19247b6ca33a6f419284691fff29c8857d86ea771d943bdba08?s=96&d=mm&r=g","caption":"If\u00e1b\u00edy\u00ec\u00ed Ak\u00f3d\u00e0"},"sameAs":["https:\/\/ileawo.com\/"]}]}},"_links":{"self":[{"href":"https:\/\/ileawo.com\/en\/wp-json\/wp\/v2\/pages\/3600","targetHints":{"allow":["GET"]}}],"collection":[{"href":"https:\/\/ileawo.com\/en\/wp-json\/wp\/v2\/pages"}],"about":[{"href":"https:\/\/ileawo.com\/en\/wp-json\/wp\/v2\/types\/page"}],"author":[{"embeddable":true,"href":"https:\/\/ileawo.com\/en\/wp-json\/wp\/v2\/users\/1"}],"replies":[{"embeddable":true,"href":"https:\/\/ileawo.com\/en\/wp-json\/wp\/v2\/comments?post=3600"}],"version-history":[{"count":0,"href":"https:\/\/ileawo.com\/en\/wp-json\/wp\/v2\/pages\/3600\/revisions"}],"up":[{"embeddable":true,"href":"https:\/\/ileawo.com\/en\/wp-json\/wp\/v2\/pages\/3582"}],"wp:featuredmedia":[{"embeddable":true,"href":"https:\/\/ileawo.com\/en\/wp-json\/wp\/v2\/media\/2549"}],"wp:attachment":[{"href":"https:\/\/ileawo.com\/en\/wp-json\/wp\/v2\/media?parent=3600"}],"wp:term":[{"taxonomy":"category","embeddable":true,"href":"https:\/\/ileawo.com\/en\/wp-json\/wp\/v2\/categories?post=3600"}],"curies":[{"name":"wp","href":"https:\/\/api.w.org\/{rel}","templated":true}]}}