{"id":3582,"date":"2019-10-27T00:00:00","date_gmt":"2019-10-26T22:00:00","guid":{"rendered":"https:\/\/ileawo.com\/aplicaciones\/"},"modified":"2023-01-19T14:26:33","modified_gmt":"2023-01-19T13:26:33","slug":"applications","status":"publish","type":"page","link":"https:\/\/ileawo.com\/en\/applications\/","title":{"rendered":"If\u00e1 Applications"},"content":{"rendered":"<div class=\"wpb-content-wrapper\"><p>[vc_row css=&#8221;.vc_custom_1572174624836{margin-top: 60px !important;margin-bottom: 40px !important;}&#8221; el_class=&#8221;first-row&#8221;][vc_column width=&#8221;1\/6&#8243; offset=&#8221;vc_hidden-sm vc_hidden-xs&#8221;][\/vc_column][vc_column offset=&#8221;vc_col-md-8&#8243;][vc_column_text]<\/p>\n<p style=\"text-align: center;\">New technologies are an essential tool to expand the knowledge of traditional If\u00e1 practice in the world. At Il\u00e9 Awo we are committed to using new technologies and applications to facilitate the study of all followers of the Yoruba religion by disseminating <a href=\"https:\/\/onelink.to\/ifapro\">valuable and proven information<\/a> through our mobile applications.<span class=\"Apple-converted-space\">\u00a0<\/span><\/p>\n<p>[\/vc_column_text][\/vc_column][vc_column width=&#8221;1\/6&#8243; offset=&#8221;vc_hidden-sm vc_hidden-xs&#8221;][\/vc_column][\/vc_row][vc_row full_width=&#8221;stretch_row&#8221; css=&#8221;.vc_custom_1633443632664{padding-top: 40px !important;padding-bottom: 20px !important;background-color: #f6f6f6 !important;}&#8221;][vc_column][vc_masonry_grid post_type=&#8221;page&#8221; max_items=&#8221;-1&#8243; element_width=&#8221;6&#8243; order=&#8221;ASC&#8221; grid_id=&#8221;vc_gid:1674134760293-8abeadc6-b1b2-5&#8243; taxonomies=&#8221;2702&#8243;][\/vc_column][\/vc_row][vc_row full_width=&#8221;stretch_row&#8221; content_placement=&#8221;middle&#8221; bg_type=&#8221;bg_color&#8221; bg_override=&#8221;ex-full&#8221; bg_color_value=&#8221;#4e89d5&#8243; el_class=&#8221;banner&#8221; css=&#8221;.vc_custom_1589981262318{background-color: #4e89d5 !important;}&#8221;][vc_column width=&#8221;2\/3&#8243;][vc_column_text el_class=&#8221;banner-text&#8221;]Do you want to know more about Il\u00e9 Awo, Traditional If\u00e1, the Orisa and the Yoruba religion?[\/vc_column_text][\/vc_column][vc_column width=&#8221;1\/3&#8243;][vc_column_text css_animation=&#8221;bounceIn&#8221;]<\/p>\n<p style=\"text-align: center;\"><a class=\"custom-buttons-alternative\" href=\"\/en\/contact\/\">Ask us<\/a><\/p>\n<p>[\/vc_column_text][\/vc_column][\/vc_row][vc_row full_width=&#8221;stretch_row&#8221; gap=&#8221;20&#8243; disable_element=&#8221;yes&#8221; bg_type=&#8221;bg_color&#8221; bg_color_value=&#8221;#f6f6f6&#8243; css=&#8221;.vc_custom_1633443889918{padding-top: 40px !important;padding-bottom: 40px !important;background-color: #f6f6f6 !important;}&#8221;][vc_column width=&#8221;1\/2&#8243; css=&#8221;.vc_custom_1577986124058{margin-top: 0px !important;margin-right: 0px !important;margin-bottom: 0px !important;margin-left: 0px !important;padding-top: 40px !important;padding-right: 40px !important;padding-bottom: 40px !important;padding-left: 40px !important;background-color: #4e89d5 !important;border-radius: 10px !important;}&#8221;][vc_single_image image=&#8221;2830&#8243; alignment=&#8221;center&#8221; css=&#8221;.vc_custom_1589980757287{margin-bottom: 0px !important;}&#8221;][vc_column_text css=&#8221;.vc_custom_1590575663627{margin-top: 0px !important;border-top-width: 0px !important;padding-top: 0px !important;}&#8221;]<span style=\"color: #ffffff;\">Traditional If\u00e1 is a practical manual for followers of traditional If\u00e1, babalawo and the uninitiated. The first free application in Spanish about traditional culture, and now in English.<\/span>[\/vc_column_text][vc_column_text css_animation=&#8221;bounceIn&#8221; css=&#8221;.vc_custom_1590770396971{margin-top: 0px !important;margin-right: 0px !important;margin-bottom: 0px !important;margin-left: 0px !important;}&#8221;]<\/p>\n<p style=\"text-align: center;\"><a class=\"custom-buttons-alternative\" href=\"https:\/\/ileawo.com\/en\/applications\/ifa-tradicional\/\">Read more<\/a> <a class=\"custom-buttons-alternative\" href=\"http:\/\/hyperurl.co\/mmd5nd\">Download<\/a><\/p>\n<p>[\/vc_column_text][\/vc_column][vc_column width=&#8221;1\/2&#8243; css=&#8221;.vc_custom_1577986131346{margin-top: 0px !important;margin-right: 0px !important;margin-bottom: 0px !important;margin-left: 0px !important;padding-top: 40px !important;padding-right: 40px !important;padding-bottom: 40px !important;padding-left: 40px !important;background-color: #4e89d5 !important;border-radius: 10px !important;}&#8221;][vc_single_image image=&#8221;900&#8243; alignment=&#8221;center&#8221; css=&#8221;.vc_custom_1589980824432{margin-bottom: 0px !important;}&#8221;][vc_column_text css=&#8221;.vc_custom_1590234981080{margin-top: 0px !important;border-top-width: 0px !important;padding-top: 0px !important;}&#8221;]<span style=\"color: #ffffff;\">With If\u00e1 Tradicional Pro you will learn the fundamentals of traditional practice with verses in Yoruba and audios recited by authentic Babalawo Yoruba speakers.<\/span>[\/vc_column_text][vc_column_text css_animation=&#8221;bounceIn&#8221; css=&#8221;.vc_custom_1590770504296{margin-top: 0px !important;margin-right: 0px !important;margin-bottom: 0px !important;margin-left: 0px !important;}&#8221;]<\/p>\n<p style=\"text-align: center;\"><a class=\"custom-buttons-alternative\" href=\"https:\/\/ileawo.com\/en\/applications\/ifa-tradicional-pro\/\">Read more<\/a> <a class=\"custom-buttons-alternative\" href=\"http:\/\/hyperurl.co\/ifa-pro-app\">Download<\/a><\/p>\n<p>[\/vc_column_text][\/vc_column][vc_column width=&#8221;1\/2&#8243; css=&#8221;.vc_custom_1577986150660{margin-top: 0px !important;margin-right: 0px !important;margin-bottom: 0px !important;margin-left: 0px !important;padding-top: 40px !important;padding-right: 40px !important;padding-bottom: 40px !important;padding-left: 40px !important;background-color: #4e89d5 !important;border-radius: 10px !important;}&#8221;][vc_single_image image=&#8221;909&#8243; alignment=&#8221;center&#8221; css=&#8221;.vc_custom_1589980870183{margin-bottom: 0px !important;}&#8221;][vc_column_text css=&#8221;.vc_custom_1590235240190{margin-top: 0px !important;border-top-width: 0px !important;padding-top: 0px !important;}&#8221;]<span style=\"color: #ffffff;\">Oj\u00fa Od\u00f9 is the first traditional If\u00e1 application that offers verses of the 16 main If\u00e1 signs, with audios recited by an authentic Yoruba babalawo.<\/span>[\/vc_column_text][vc_column_text css_animation=&#8221;bounceIn&#8221; css=&#8221;.vc_custom_1590770533727{margin-top: 0px !important;margin-right: 0px !important;margin-bottom: 0px !important;margin-left: 0px !important;}&#8221;]<\/p>\n<p style=\"text-align: center;\"><a class=\"custom-buttons-alternative\" href=\"https:\/\/ileawo.com\/en\/applications\/oju-odu\/\">Read more<\/a> <a class=\"custom-buttons-alternative\" href=\"http:\/\/hyperurl.co\/apola-ogbe\">Download<\/a><\/p>\n<p>[\/vc_column_text][\/vc_column][vc_column width=&#8221;1\/2&#8243; css=&#8221;.vc_custom_1577986141586{margin-top: 0px !important;margin-right: 0px !important;margin-bottom: 0px !important;margin-left: 0px !important;padding-top: 40px !important;padding-right: 40px !important;padding-bottom: 40px !important;padding-left: 40px !important;background-color: #4e89d5 !important;border-radius: 10px !important;}&#8221;][vc_single_image image=&#8221;1582&#8243; alignment=&#8221;center&#8221; css=&#8221;.vc_custom_1589980928997{margin-bottom: 0px !important;}&#8221;][vc_column_text css=&#8221;.vc_custom_1590235262608{margin-top: 0px !important;border-top-width: 0px !important;padding-top: 0px !important;}&#8221;]<span style=\"color: #ffffff;\">Apola Ogb\u00e8 is the first application in the Apola series, with 75 If\u00e1 verses of the Ogb\u00e8 signs, from Ogbe Oyeku to Ogbe Ofun with audios recited by authentic Yoruba.<\/span>[\/vc_column_text][vc_column_text css_animation=&#8221;bounceIn&#8221; css=&#8221;.vc_custom_1590770549864{margin-top: 0px !important;margin-right: 0px !important;margin-bottom: 0px !important;margin-left: 0px !important;}&#8221;]<\/p>\n<p style=\"text-align: center;\"><a class=\"custom-buttons-alternative\" href=\"https:\/\/ileawo.com\/en\/applications\/apola-ogbe\/\">Read more<\/a> <a class=\"custom-buttons-alternative\" href=\"http:\/\/hyperurl.co\/oju-odu\">Download<\/a><\/p>\n<p>[\/vc_column_text][\/vc_column][vc_column width=&#8221;1\/2&#8243; css=&#8221;.vc_custom_1596570739158{margin-top: 0px !important;margin-right: 0px !important;margin-bottom: 0px !important;margin-left: 0px !important;padding-top: 40px !important;padding-right: 40px !important;padding-bottom: 40px !important;padding-left: 40px !important;background-color: #4e89d5 !important;border-radius: 10px !important;}&#8221;][vc_single_image image=&#8221;5144&#8243; alignment=&#8221;center&#8221; css=&#8221;.vc_custom_1596525920560{margin-bottom: 0px !important;}&#8221;][vc_column_text css=&#8221;.vc_custom_1596542038082{margin-top: 0px !important;border-top-width: 0px !important;padding-top: 0px !important;}&#8221;]<span style=\"color: #ffffff;\">Apola Oyeku is a new app from the Apola series, with 75 If\u00e1 verses of Oyeku&#8217;s signs, from Oyeku Ogbe to Oyeku Ofun with audios recited by authentic Yoruba.<\/span>[\/vc_column_text][vc_column_text css_animation=&#8221;bounceIn&#8221; css=&#8221;.vc_custom_1596542020309{margin-top: 0px !important;margin-right: 0px !important;margin-bottom: 0px !important;margin-left: 0px !important;}&#8221;]<\/p>\n<p style=\"text-align: center;\"><a class=\"custom-buttons-alternative\" href=\"\/en\/applications\/apola-oyeku\/\">Read more<\/a> <a class=\"custom-buttons-alternative\" href=\"http:\/\/hyperurl.co\/apola-oyeku\">Download<\/a><\/p>\n<p>[\/vc_column_text][\/vc_column][vc_column width=&#8221;1\/2&#8243; css=&#8221;.vc_custom_1596570746948{margin-top: 0px !important;margin-right: 0px !important;margin-bottom: 0px !important;margin-left: 0px !important;padding-top: 40px !important;padding-right: 40px !important;padding-bottom: 40px !important;padding-left: 40px !important;background-color: #4e89d5 !important;border-radius: 10px !important;}&#8221;][vc_single_image image=&#8221;2555&#8243; alignment=&#8221;center&#8221; css=&#8221;.vc_custom_1596526097625{margin-bottom: 0px !important;}&#8221;][vc_column_text css=&#8221;.vc_custom_1596542154532{margin-top: 0px !important;border-top-width: 0px !important;padding-top: 0px !important;}&#8221;]<span style=\"color: #ffffff;\">At Il\u00e9 Awo we continue to work on expanding the traditional If\u00e1 practice with new mobile applications. Stay connected to know the new If\u00e1 app.<\/span>[\/vc_column_text][vc_column_text css_animation=&#8221;bounceIn&#8221; css=&#8221;.vc_custom_1596542097607{margin-top: 0px !important;margin-right: 0px !important;margin-bottom: 0px !important;margin-left: 0px !important;}&#8221;]<\/p>\n<p style=\"text-align: center;\"><a class=\"custom-buttons-alternative\" href=\"https:\/\/ileawo.com\/en\/applications\/apola-ogbe\/\">Read more<\/a> <a class=\"custom-buttons-alternative\" href=\"http:\/\/hyperurl.co\/ifa-pro-app\">Download<\/a><\/p>\n<p>[\/vc_column_text][\/vc_column][\/vc_row]<\/p>\n<\/div>"},"excerpt":{"rendered":"<p>[vc_row css=&#8221;.vc_custom_1572174624836{margin-top: 60px !important;margin-bottom: 40px !important;}&#8221; el_class=&#8221;first-row&#8221;][vc_column width=&#8221;1\/6&#8243; offset=&#8221;vc_hidden-sm vc_hidden-xs&#8221;][\/vc_column][vc_column offset=&#8221;vc_col-md-8&#8243;][vc_column_text] New technologies are an essential tool to expand the knowledge of traditional If\u00e1 practice in<span class=\"excerpt-hellip\"> [\u2026]<\/span><\/p>\n","protected":false},"author":1,"featured_media":4065,"parent":0,"menu_order":0,"comment_status":"open","ping_status":"open","template":"","meta":{"footnotes":""},"categories":[],"class_list":["post-3582","page","type-page","status-publish","has-post-thumbnail","hentry"],"yoast_head":"<!-- This site is optimized with the Yoast SEO Premium plugin v25.2 (Yoast SEO v27.4) - https:\/\/yoast.com\/product\/yoast-seo-premium-wordpress\/ -->\n<title>If\u00e1 Applications: increase your knowledge of If\u00e1 Traditional - Il\u00e9 Awo<\/title>\n<meta name=\"description\" content=\"If\u00e1 applications are one of the key tools developed by If\u00e1b\u00edy\u00ec\u00ed Ak\u00f3d\u00e0 to improve knowledge of Traditional If\u00e1 practice, a manual of If\u00e1.\" \/>\n<meta name=\"robots\" content=\"index, follow, max-snippet:-1, max-image-preview:large, max-video-preview:-1\" \/>\n<link rel=\"canonical\" href=\"https:\/\/ileawo.com\/en\/applications\/\" \/>\n<meta property=\"og:locale\" content=\"en_US\" \/>\n<meta property=\"og:type\" content=\"article\" \/>\n<meta property=\"og:title\" content=\"If\u00e1 Applications\" \/>\n<meta property=\"og:description\" content=\"If\u00e1 applications are one of the key tools developed by If\u00e1b\u00edy\u00ec\u00ed Ak\u00f3d\u00e0 to improve knowledge of Traditional If\u00e1 practice, a manual of If\u00e1.\" \/>\n<meta property=\"og:url\" content=\"https:\/\/ileawo.com\/en\/applications\/\" \/>\n<meta property=\"og:site_name\" content=\"Il\u00e9 Awo\" \/>\n<meta property=\"article:publisher\" content=\"https:\/\/www.facebook.com\/ifabiyii\" \/>\n<meta property=\"article:modified_time\" content=\"2023-01-19T13:26:33+00:00\" \/>\n<meta property=\"og:image\" content=\"http:\/\/ileawo.com\/wp-content\/uploads\/2020\/05\/applications.jpg\" \/>\n\t<meta property=\"og:image:width\" content=\"1200\" \/>\n\t<meta property=\"og:image:height\" content=\"633\" \/>\n\t<meta property=\"og:image:type\" content=\"image\/jpeg\" \/>\n<meta name=\"twitter:card\" content=\"summary_large_image\" \/>\n<meta name=\"twitter:site\" content=\"@ifabiyii\" \/>\n<!-- \/ Yoast SEO Premium plugin. -->","yoast_head_json":{"title":"If\u00e1 Applications: increase your knowledge of If\u00e1 Traditional - Il\u00e9 Awo","description":"If\u00e1 applications are one of the key tools developed by If\u00e1b\u00edy\u00ec\u00ed Ak\u00f3d\u00e0 to improve knowledge of Traditional If\u00e1 practice, a manual of If\u00e1.","robots":{"index":"index","follow":"follow","max-snippet":"max-snippet:-1","max-image-preview":"max-image-preview:large","max-video-preview":"max-video-preview:-1"},"canonical":"https:\/\/ileawo.com\/en\/applications\/","og_locale":"en_US","og_type":"article","og_title":"If\u00e1 Applications","og_description":"If\u00e1 applications are one of the key tools developed by If\u00e1b\u00edy\u00ec\u00ed Ak\u00f3d\u00e0 to improve knowledge of Traditional If\u00e1 practice, a manual of If\u00e1.","og_url":"https:\/\/ileawo.com\/en\/applications\/","og_site_name":"Il\u00e9 Awo","article_publisher":"https:\/\/www.facebook.com\/ifabiyii","article_modified_time":"2023-01-19T13:26:33+00:00","og_image":[{"width":1200,"height":633,"url":"http:\/\/ileawo.com\/wp-content\/uploads\/2020\/05\/applications.jpg","type":"image\/jpeg"}],"twitter_card":"summary_large_image","twitter_site":"@ifabiyii","schema":{"@context":"https:\/\/schema.org","@graph":[{"@type":"Article","@id":"https:\/\/ileawo.com\/en\/applications\/#article","isPartOf":{"@id":"https:\/\/ileawo.com\/en\/applications\/"},"author":{"name":"If\u00e1b\u00edy\u00ec\u00ed Ak\u00f3d\u00e0","@id":"http:\/\/ileawo.com\/en\/#\/schema\/person\/5b4d3af5a9aa8f02fe88dbeb048ef64a"},"headline":"If\u00e1 Applications","datePublished":"2019-10-26T22:00:00+00:00","dateModified":"2023-01-19T13:26:33+00:00","mainEntityOfPage":{"@id":"https:\/\/ileawo.com\/en\/applications\/"},"wordCount":1001,"commentCount":0,"publisher":{"@id":"http:\/\/ileawo.com\/en\/#organization"},"image":{"@id":"https:\/\/ileawo.com\/en\/applications\/#primaryimage"},"thumbnailUrl":"https:\/\/ileawo.com\/wp-content\/uploads\/2020\/05\/applications.jpg","inLanguage":"en-US","potentialAction":[{"@type":"CommentAction","name":"Comment","target":["https:\/\/ileawo.com\/en\/applications\/#respond"]}]},{"@type":"WebPage","@id":"https:\/\/ileawo.com\/en\/applications\/","url":"https:\/\/ileawo.com\/en\/applications\/","name":"If\u00e1 Applications: increase your knowledge of If\u00e1 Traditional - Il\u00e9 Awo","isPartOf":{"@id":"http:\/\/ileawo.com\/en\/#website"},"primaryImageOfPage":{"@id":"https:\/\/ileawo.com\/en\/applications\/#primaryimage"},"image":{"@id":"https:\/\/ileawo.com\/en\/applications\/#primaryimage"},"thumbnailUrl":"https:\/\/ileawo.com\/wp-content\/uploads\/2020\/05\/applications.jpg","datePublished":"2019-10-26T22:00:00+00:00","dateModified":"2023-01-19T13:26:33+00:00","description":"If\u00e1 applications are one of the key tools developed by If\u00e1b\u00edy\u00ec\u00ed Ak\u00f3d\u00e0 to improve knowledge of Traditional If\u00e1 practice, a manual of If\u00e1.","breadcrumb":{"@id":"https:\/\/ileawo.com\/en\/applications\/#breadcrumb"},"inLanguage":"en-US","potentialAction":[{"@type":"ReadAction","target":["https:\/\/ileawo.com\/en\/applications\/"]}]},{"@type":"ImageObject","inLanguage":"en-US","@id":"https:\/\/ileawo.com\/en\/applications\/#primaryimage","url":"https:\/\/ileawo.com\/wp-content\/uploads\/2020\/05\/applications.jpg","contentUrl":"https:\/\/ileawo.com\/wp-content\/uploads\/2020\/05\/applications.jpg","width":1200,"height":633,"caption":"applications of If\u00e1"},{"@type":"BreadcrumbList","@id":"https:\/\/ileawo.com\/en\/applications\/#breadcrumb","itemListElement":[{"@type":"ListItem","position":1,"name":"Home","item":"https:\/\/ileawo.com\/en\/"},{"@type":"ListItem","position":2,"name":"If\u00e1 Applications"}]},{"@type":"WebSite","@id":"http:\/\/ileawo.com\/en\/#website","url":"http:\/\/ileawo.com\/en\/","name":"Il\u00e9 Awo","description":"","publisher":{"@id":"http:\/\/ileawo.com\/en\/#organization"},"potentialAction":[{"@type":"SearchAction","target":{"@type":"EntryPoint","urlTemplate":"http:\/\/ileawo.com\/en\/?s={search_term_string}"},"query-input":{"@type":"PropertyValueSpecification","valueRequired":true,"valueName":"search_term_string"}}],"inLanguage":"en-US"},{"@type":"Organization","@id":"http:\/\/ileawo.com\/en\/#organization","name":"Il\u00e9 Awo","url":"http:\/\/ileawo.com\/en\/","logo":{"@type":"ImageObject","inLanguage":"en-US","@id":"http:\/\/ileawo.com\/en\/#\/schema\/logo\/image\/","url":"https:\/\/ileawo.com\/wp-content\/uploads\/revslider\/Bienvenido\/Logo-Ile-Awo-20201.png","contentUrl":"https:\/\/ileawo.com\/wp-content\/uploads\/revslider\/Bienvenido\/Logo-Ile-Awo-20201.png","width":500,"height":155,"caption":"Il\u00e9 Awo"},"image":{"@id":"http:\/\/ileawo.com\/en\/#\/schema\/logo\/image\/"},"sameAs":["https:\/\/www.facebook.com\/ifabiyii","https:\/\/x.com\/ifabiyii","https:\/\/www.instagram.com\/ifabiyii_akoda\/"]},{"@type":"Person","@id":"http:\/\/ileawo.com\/en\/#\/schema\/person\/5b4d3af5a9aa8f02fe88dbeb048ef64a","name":"If\u00e1b\u00edy\u00ec\u00ed Ak\u00f3d\u00e0","image":{"@type":"ImageObject","inLanguage":"en-US","@id":"https:\/\/secure.gravatar.com\/avatar\/07530fd5fec1f19247b6ca33a6f419284691fff29c8857d86ea771d943bdba08?s=96&d=mm&r=g","url":"https:\/\/secure.gravatar.com\/avatar\/07530fd5fec1f19247b6ca33a6f419284691fff29c8857d86ea771d943bdba08?s=96&d=mm&r=g","contentUrl":"https:\/\/secure.gravatar.com\/avatar\/07530fd5fec1f19247b6ca33a6f419284691fff29c8857d86ea771d943bdba08?s=96&d=mm&r=g","caption":"If\u00e1b\u00edy\u00ec\u00ed Ak\u00f3d\u00e0"},"sameAs":["https:\/\/ileawo.com\/"]}]}},"_links":{"self":[{"href":"https:\/\/ileawo.com\/en\/wp-json\/wp\/v2\/pages\/3582","targetHints":{"allow":["GET"]}}],"collection":[{"href":"https:\/\/ileawo.com\/en\/wp-json\/wp\/v2\/pages"}],"about":[{"href":"https:\/\/ileawo.com\/en\/wp-json\/wp\/v2\/types\/page"}],"author":[{"embeddable":true,"href":"https:\/\/ileawo.com\/en\/wp-json\/wp\/v2\/users\/1"}],"replies":[{"embeddable":true,"href":"https:\/\/ileawo.com\/en\/wp-json\/wp\/v2\/comments?post=3582"}],"version-history":[{"count":0,"href":"https:\/\/ileawo.com\/en\/wp-json\/wp\/v2\/pages\/3582\/revisions"}],"wp:featuredmedia":[{"embeddable":true,"href":"https:\/\/ileawo.com\/en\/wp-json\/wp\/v2\/media\/4065"}],"wp:attachment":[{"href":"https:\/\/ileawo.com\/en\/wp-json\/wp\/v2\/media?parent=3582"}],"wp:term":[{"taxonomy":"category","embeddable":true,"href":"https:\/\/ileawo.com\/en\/wp-json\/wp\/v2\/categories?post=3582"}],"curies":[{"name":"wp","href":"https:\/\/api.w.org\/{rel}","templated":true}]}}